{"id":511,"date":"2026-01-20T11:05:09","date_gmt":"2026-01-20T16:05:09","guid":{"rendered":"https:\/\/abarco.com.co\/?page_id=511"},"modified":"2026-01-20T14:18:53","modified_gmt":"2026-01-20T19:18:53","slug":"comidas","status":"publish","type":"page","link":"https:\/\/abarco.com.co\/en\/menu\/comidas\/","title":{"rendered":"Men\u00fa Comidas"},"content":{"rendered":"<div data-elementor-type=\"wp-page\" data-elementor-id=\"511\" class=\"elementor elementor-511\" data-elementor-post-type=\"page\">\n\t\t\t\t<div class=\"elementor-element elementor-element-03d08f3 e-con-full e-flex e-con e-parent\" data-id=\"03d08f3\" data-element_type=\"container\" data-e-type=\"container\" id=\"menu\" data-settings=\"{&quot;grandrestaurant_ext_is_background_parallax&quot;:&quot;false&quot;,&quot;grandrestaurant_ext_is_background_backdrop&quot;:&quot;false&quot;,&quot;grandrestaurant_ext_is_background_on_scroll&quot;:&quot;false&quot;,&quot;grandrestaurant_ext_link_reservation&quot;:&quot;false&quot;,&quot;grandrestaurant_ext_link_sidemenu&quot;:&quot;false&quot;,&quot;grandrestaurant_ext_link_fullmenu&quot;:&quot;false&quot;,&quot;grandrestaurant_ext_link_closed_fullmenu&quot;:&quot;false&quot;,&quot;grandrestaurant_ext_is_scrollme&quot;:&quot;false&quot;,&quot;grandrestaurant_ext_is_smoove&quot;:&quot;false&quot;,&quot;grandrestaurant_ext_is_parallax_mouse&quot;:&quot;false&quot;,&quot;grandrestaurant_ext_is_infinite&quot;:&quot;false&quot;,&quot;grandrestaurant_ext_is_fadeout_animation&quot;:&quot;false&quot;,&quot;grandrestaurant_ext_mobile_static&quot;:&quot;false&quot;}\">\n\t\t<div class=\"elementor-element elementor-element-5576e9c e-con-full e-flex e-con e-child\" data-id=\"5576e9c\" data-element_type=\"container\" data-e-type=\"container\" data-settings=\"{&quot;grandrestaurant_ext_is_background_parallax&quot;:&quot;false&quot;,&quot;grandrestaurant_ext_is_background_backdrop&quot;:&quot;false&quot;,&quot;grandrestaurant_ext_is_background_on_scroll&quot;:&quot;false&quot;,&quot;grandrestaurant_ext_link_reservation&quot;:&quot;false&quot;,&quot;grandrestaurant_ext_link_sidemenu&quot;:&quot;false&quot;,&quot;grandrestaurant_ext_link_fullmenu&quot;:&quot;false&quot;,&quot;grandrestaurant_ext_link_closed_fullmenu&quot;:&quot;false&quot;,&quot;grandrestaurant_ext_is_scrollme&quot;:&quot;false&quot;,&quot;grandrestaurant_ext_is_smoove&quot;:&quot;false&quot;,&quot;grandrestaurant_ext_is_parallax_mouse&quot;:&quot;false&quot;,&quot;grandrestaurant_ext_is_infinite&quot;:&quot;false&quot;,&quot;grandrestaurant_ext_is_fadeout_animation&quot;:&quot;false&quot;,&quot;grandrestaurant_ext_mobile_static&quot;:&quot;false&quot;}\">\n\t\t<div class=\"elementor-element elementor-element-c0c887a e-con-full e-flex e-con e-child\" data-id=\"c0c887a\" data-element_type=\"container\" data-e-type=\"container\" data-settings=\"{&quot;grandrestaurant_ext_is_background_parallax&quot;:&quot;false&quot;,&quot;grandrestaurant_ext_is_background_backdrop&quot;:&quot;false&quot;,&quot;grandrestaurant_ext_is_background_on_scroll&quot;:&quot;false&quot;,&quot;grandrestaurant_ext_link_reservation&quot;:&quot;false&quot;,&quot;grandrestaurant_ext_link_sidemenu&quot;:&quot;false&quot;,&quot;grandrestaurant_ext_link_fullmenu&quot;:&quot;false&quot;,&quot;grandrestaurant_ext_link_closed_fullmenu&quot;:&quot;false&quot;,&quot;grandrestaurant_ext_is_scrollme&quot;:&quot;false&quot;,&quot;grandrestaurant_ext_is_smoove&quot;:&quot;false&quot;,&quot;grandrestaurant_ext_is_parallax_mouse&quot;:&quot;false&quot;,&quot;grandrestaurant_ext_is_infinite&quot;:&quot;false&quot;,&quot;grandrestaurant_ext_is_fadeout_animation&quot;:&quot;false&quot;,&quot;grandrestaurant_ext_mobile_static&quot;:&quot;false&quot;}\">\n\t\t<div class=\"elementor-element elementor-element-f88838d e-con-full e-flex e-con e-child\" data-id=\"f88838d\" data-element_type=\"container\" data-e-type=\"container\" data-settings=\"{&quot;grandrestaurant_ext_is_background_parallax&quot;:&quot;false&quot;,&quot;grandrestaurant_ext_is_background_backdrop&quot;:&quot;false&quot;,&quot;grandrestaurant_ext_is_background_on_scroll&quot;:&quot;false&quot;,&quot;grandrestaurant_ext_link_reservation&quot;:&quot;false&quot;,&quot;grandrestaurant_ext_link_sidemenu&quot;:&quot;false&quot;,&quot;grandrestaurant_ext_link_fullmenu&quot;:&quot;false&quot;,&quot;grandrestaurant_ext_link_closed_fullmenu&quot;:&quot;false&quot;,&quot;grandrestaurant_ext_is_scrollme&quot;:&quot;false&quot;,&quot;grandrestaurant_ext_is_smoove&quot;:&quot;false&quot;,&quot;grandrestaurant_ext_is_parallax_mouse&quot;:&quot;false&quot;,&quot;grandrestaurant_ext_is_infinite&quot;:&quot;false&quot;,&quot;grandrestaurant_ext_is_fadeout_animation&quot;:&quot;false&quot;,&quot;grandrestaurant_ext_mobile_static&quot;:&quot;false&quot;}\">\n\t\t\t\t<div class=\"elementor-element elementor-element-15b0f25 elementor-widget elementor-widget-heading\" data-id=\"15b0f25\" data-element_type=\"widget\" data-e-type=\"widget\" data-settings=\"{&quot;grandrestaurant_ext_link_reservation&quot;:&quot;false&quot;,&quot;grandrestaurant_ext_link_sidemenu&quot;:&quot;false&quot;,&quot;grandrestaurant_ext_link_fullmenu&quot;:&quot;false&quot;,&quot;grandrestaurant_ext_link_closed_fullmenu&quot;:&quot;false&quot;,&quot;grandrestaurant_ext_is_scrollme&quot;:&quot;false&quot;,&quot;grandrestaurant_ext_is_smoove&quot;:&quot;false&quot;,&quot;grandrestaurant_ext_is_parallax_mouse&quot;:&quot;false&quot;,&quot;grandrestaurant_ext_is_infinite&quot;:&quot;false&quot;,&quot;grandrestaurant_ext_is_fadeout_animation&quot;:&quot;false&quot;,&quot;grandrestaurant_ext_mobile_static&quot;:&quot;false&quot;}\" data-widget_type=\"heading.default\">\n\t\t\t\t\t<h3 class=\"elementor-heading-title elementor-size-default\">MENU<\/h3>\t\t\t\t<\/div>\n\t\t\t\t<div class=\"elementor-element elementor-element-007e57f elementor-widget elementor-widget-grandrestaurant-food-menu\" data-id=\"007e57f\" data-element_type=\"widget\" data-e-type=\"widget\" data-settings=\"{&quot;grandrestaurant_ext_link_reservation&quot;:&quot;false&quot;,&quot;grandrestaurant_ext_link_sidemenu&quot;:&quot;false&quot;,&quot;grandrestaurant_ext_link_fullmenu&quot;:&quot;false&quot;,&quot;grandrestaurant_ext_link_closed_fullmenu&quot;:&quot;false&quot;,&quot;grandrestaurant_ext_is_scrollme&quot;:&quot;false&quot;,&quot;grandrestaurant_ext_is_smoove&quot;:&quot;false&quot;,&quot;grandrestaurant_ext_is_parallax_mouse&quot;:&quot;false&quot;,&quot;grandrestaurant_ext_is_infinite&quot;:&quot;false&quot;,&quot;grandrestaurant_ext_is_fadeout_animation&quot;:&quot;false&quot;,&quot;grandrestaurant_ext_mobile_static&quot;:&quot;false&quot;}\" data-widget_type=\"grandrestaurant-food-menu.default\">\n\t\t\t\t<div class=\"elementor-widget-container\">\n\t\t\t\t\t<div class=\"food-menu-container\">\n<div class=\"food-menu-content-wrapper food-menu\">\n\t\t<div class=\"food-menu-grid-wrapper food-tooltip food-menu-1\" >\n\t\t\t\n\t\t\t\t\t\t\n\t\t\t\t\t\t\n\t\t\t\t\t\t\t<div class=\"food-menu-img\">\n\t\t\t\t\t\t\t\t\t\t\t<img decoding=\"async\" src=\"https:\/\/abarco.com.co\/wp-content\/uploads\/2026\/01\/preview-items-abarco-1-150x150.webp\" alt=\"\" \/>\n\t\t\t\t\t\t\t\t\t<\/div>\n\t\t\t\n\t\t\t<div class=\"food-menu-content\">\n\t\t\t\t\n\t\t\t\t<div class=\"food-menu-content-top-holder\">\n\t\t\t\t\t<div class=\"food-menu-content-title-holder\">\n\t\t\t\t\t\t<h3 class=\"food-menu-title\">\n\t\t\t\t\t\t\t\t\t\t\t\t\t\tCorn and Chicken in Coconut Sauce\t\t\t\t\t\t\t\t\t\t\t\t\t<\/h3>\n\t\t\t\t\t<\/div>\n\t\t\t\t\t\n\t\t\t\t\t<div class=\"food-menu-content-title-line\"><\/div>\n\t\t\t\t\t\n\t\t\t\t\t\t\t\t\t\t<div class=\"food-menu-content-price-holder\">\n\t\t\t\t\t\t<span class=\"food-menu-content-price-normal\">\n\t\t\t\t\t\t\t$19.000\t\t\t\t\t\t<\/span>\n\t\t\t\t\t<\/div>\n\t\t\t\t\t\t\t\t\t<\/div>\n\t\t\t\t\n\t\t\t\t<div class=\"food-menu-desc\">Sweet corn cake with blue cheese and farmer's cheese, accompanied by chicken leg in coconut sauce.<\/div>\n\t\t\t\t\n\t\t\t\t<h5 class=\"menu_post size\"><span class=\"menu_title size\">Und. Adic.<\/span><span class=\"menu_price size\">$11.000<\/span>\t\t\t<\/div>\n\t\t<\/div>\n\t\t<div class=\"food-menu-grid-wrapper food-tooltip food-menu-2\" >\n\t\t\t\n\t\t\t\t\t\t\n\t\t\t\t\t\t\n\t\t\t\t\t\t\t<div class=\"food-menu-img\">\n\t\t\t\t\t\t\t\t\t\t\t<img decoding=\"async\" src=\"https:\/\/abarco.com.co\/wp-content\/uploads\/2026\/01\/preview-items-abarco-1-150x150.webp\" alt=\"\" \/>\n\t\t\t\t\t\t\t\t\t<\/div>\n\t\t\t\n\t\t\t<div class=\"food-menu-content\">\n\t\t\t\t\n\t\t\t\t<div class=\"food-menu-content-top-holder\">\n\t\t\t\t\t<div class=\"food-menu-content-title-holder\">\n\t\t\t\t\t\t<h3 class=\"food-menu-title\">\n\t\t\t\t\t\t\t\t\t\t\t\t\t\tButter and Pistachio Cookie\t\t\t\t\t\t\t\t\t\t\t\t\t<\/h3>\n\t\t\t\t\t<\/div>\n\t\t\t\t\t\n\t\t\t\t\t<div class=\"food-menu-content-title-line\"><\/div>\n\t\t\t\t\t\n\t\t\t\t\t\t\t\t\t\t<div class=\"food-menu-content-price-holder\">\n\t\t\t\t\t\t<span class=\"food-menu-content-price-normal\">\n\t\t\t\t\t\t\t$11.000\t\t\t\t\t\t<\/span>\n\t\t\t\t\t<\/div>\n\t\t\t\t\t\t\t\t\t<\/div>\n\t\t\t\t\n\t\t\t\t<div class=\"food-menu-desc\">Classic butter cookie with toasted pistachios and lemon zest.<\/div>\n\t\t\t\t\n\t\t\t\t\t\t\t<\/div>\n\t\t<\/div>\n\t\t<div class=\"food-menu-grid-wrapper food-tooltip food-menu-3\" >\n\t\t\t\n\t\t\t\t\t\t\n\t\t\t\t\t\t\n\t\t\t\t\t\t\t<div class=\"food-menu-img\">\n\t\t\t\t\t\t\t\t\t\t\t<img decoding=\"async\" src=\"https:\/\/abarco.com.co\/wp-content\/uploads\/2026\/01\/preview-items-abarco-1-150x150.webp\" alt=\"\" \/>\n\t\t\t\t\t\t\t\t\t<\/div>\n\t\t\t\n\t\t\t<div class=\"food-menu-content\">\n\t\t\t\t\n\t\t\t\t<div class=\"food-menu-content-top-holder\">\n\t\t\t\t\t<div class=\"food-menu-content-title-holder\">\n\t\t\t\t\t\t<h3 class=\"food-menu-title\">\n\t\t\t\t\t\t\t\t\t\t\t\t\t\tCarrot Cake\t\t\t\t\t\t\t\t\t\t\t\t\t<\/h3>\n\t\t\t\t\t<\/div>\n\t\t\t\t\t\n\t\t\t\t\t<div class=\"food-menu-content-title-line\"><\/div>\n\t\t\t\t\t\n\t\t\t\t\t\t\t\t\t\t<div class=\"food-menu-content-price-holder\">\n\t\t\t\t\t\t<span class=\"food-menu-content-price-normal\">\n\t\t\t\t\t\t\t$11.000\t\t\t\t\t\t<\/span>\n\t\t\t\t\t<\/div>\n\t\t\t\t\t\t\t\t\t<\/div>\n\t\t\t\t\n\t\t\t\t<div class=\"food-menu-desc\">Individual portion with mild spices and house white cream.<\/div>\n\t\t\t\t\n\t\t\t\t\t\t\t<\/div>\n\t\t<\/div>\n\t\t<div class=\"food-menu-grid-wrapper food-tooltip food-menu-4\" >\n\t\t\t\n\t\t\t\t\t\t\n\t\t\t\t\t\t\n\t\t\t\t\t\t\t<div class=\"food-menu-img\">\n\t\t\t\t\t\t\t\t\t\t\t<img decoding=\"async\" src=\"https:\/\/abarco.com.co\/wp-content\/uploads\/2026\/01\/preview-items-abarco-1-150x150.webp\" alt=\"\" \/>\n\t\t\t\t\t\t\t\t\t<\/div>\n\t\t\t\n\t\t\t<div class=\"food-menu-content\">\n\t\t\t\t\n\t\t\t\t<div class=\"food-menu-content-top-holder\">\n\t\t\t\t\t<div class=\"food-menu-content-title-holder\">\n\t\t\t\t\t\t<h3 class=\"food-menu-title\">\n\t\t\t\t\t\t\t\t\t\t\t\t\t\tPeach and Serrano Ham Bruschetta\t\t\t\t\t\t\t\t\t\t\t\t\t<\/h3>\n\t\t\t\t\t<\/div>\n\t\t\t\t\t\n\t\t\t\t\t<div class=\"food-menu-content-title-line\"><\/div>\n\t\t\t\t\t\n\t\t\t\t\t\t\t\t\t\t<div class=\"food-menu-content-price-holder\">\n\t\t\t\t\t\t<span class=\"food-menu-content-price-normal\">\n\t\t\t\t\t\t\t$23.000\t\t\t\t\t\t<\/span>\n\t\t\t\t\t<\/div>\n\t\t\t\t\t\t\t\t\t<\/div>\n\t\t\t\t\n\t\t\t\t<div class=\"food-menu-desc\">Olive bread with soft cheese, grilled peach, Serrano ham, romesco sauce and cherry tomato jam.<\/div>\n\t\t\t\t\n\t\t\t\t<h5 class=\"menu_post size\"><span class=\"menu_title size\">Und. Adic.<\/span><span class=\"menu_price size\">$12.000<\/span>\t\t\t<\/div>\n\t\t<\/div>\n\t\t<div class=\"food-menu-grid-wrapper food-tooltip food-menu-5\" >\n\t\t\t\n\t\t\t\t\t\t\n\t\t\t\t\t\t\n\t\t\t\t\t\t\t<div class=\"food-menu-img\">\n\t\t\t\t\t\t\t\t\t\t\t<img decoding=\"async\" src=\"https:\/\/abarco.com.co\/wp-content\/uploads\/2026\/01\/preview-items-abarco-1-150x150.webp\" alt=\"\" \/>\n\t\t\t\t\t\t\t\t\t<\/div>\n\t\t\t\n\t\t\t<div class=\"food-menu-content\">\n\t\t\t\t\n\t\t\t\t<div class=\"food-menu-content-top-holder\">\n\t\t\t\t\t<div class=\"food-menu-content-title-holder\">\n\t\t\t\t\t\t<h3 class=\"food-menu-title\">\n\t\t\t\t\t\t\t\t\t\t\t\t\t\tChocolate Cake\t\t\t\t\t\t\t\t\t\t\t\t\t<\/h3>\n\t\t\t\t\t<\/div>\n\t\t\t\t\t\n\t\t\t\t\t<div class=\"food-menu-content-title-line\"><\/div>\n\t\t\t\t\t\n\t\t\t\t\t\t\t\t\t\t<div class=\"food-menu-content-price-holder\">\n\t\t\t\t\t\t<span class=\"food-menu-content-price-normal\">\n\t\t\t\t\t\t\t$11.000\t\t\t\t\t\t<\/span>\n\t\t\t\t\t<\/div>\n\t\t\t\t\t\t\t\t\t<\/div>\n\t\t\t\t\n\t\t\t\t<div class=\"food-menu-desc\">70% fine cocoa with dark chocolate shavings and a touch of sea salt.<\/div>\n\t\t\t\t\n\t\t\t\t\t\t\t<\/div>\n\t\t<\/div>\n\t\t<div class=\"food-menu-grid-wrapper food-tooltip food-menu-6\" >\n\t\t\t\n\t\t\t\t\t\t\n\t\t\t\t\t\t\n\t\t\t\t\t\t\t<div class=\"food-menu-img\">\n\t\t\t\t\t\t\t\t\t\t\t<img decoding=\"async\" src=\"https:\/\/abarco.com.co\/wp-content\/uploads\/2026\/01\/Mesa-de-trabajo-1-150x150.jpg\" alt=\"\" \/>\n\t\t\t\t\t\t\t\t\t<\/div>\n\t\t\t\n\t\t\t<div class=\"food-menu-content\">\n\t\t\t\t\n\t\t\t\t<div class=\"food-menu-content-top-holder\">\n\t\t\t\t\t<div class=\"food-menu-content-title-holder\">\n\t\t\t\t\t\t<h3 class=\"food-menu-title\">\n\t\t\t\t\t\t\t\t\t\t\t\t\t\tPaisa Bites\t\t\t\t\t\t\t\t\t\t\t\t\t<\/h3>\n\t\t\t\t\t<\/div>\n\t\t\t\t\t\n\t\t\t\t\t<div class=\"food-menu-content-title-line\"><\/div>\n\t\t\t\t\t\n\t\t\t\t\t\t\t\t\t\t<div class=\"food-menu-content-price-holder\">\n\t\t\t\t\t\t<span class=\"food-menu-content-price-normal\">\n\t\t\t\t\t\t\t$14.000\t\t\t\t\t\t<\/span>\n\t\t\t\t\t<\/div>\n\t\t\t\t\t\t\t\t\t<\/div>\n\t\t\t\t\n\t\t\t\t<div class=\"food-menu-desc\">Golden empanadas with mild blood sausage, artisanal chorizo \u200b\u200band crispy bacon, accompanied by smoked tree tomato chili.<\/div>\n\t\t\t\t\n\t\t\t\t<h5 class=\"menu_post size\"><span class=\"menu_title size\">Und. Adic.<\/span><span class=\"menu_price size\">$8.000<\/span>\t\t\t<\/div>\n\t\t<\/div>\n\t\t<div class=\"food-menu-grid-wrapper food-tooltip food-menu-7\" >\n\t\t\t\n\t\t\t\t\t\t\n\t\t\t\t\t\t\n\t\t\t\t\t\t\t<div class=\"food-menu-img\">\n\t\t\t\t\t\t\t\t\t\t\t<img decoding=\"async\" src=\"https:\/\/abarco.com.co\/wp-content\/uploads\/2026\/01\/Mesa-de-trabajo-1-150x150.jpg\" alt=\"\" \/>\n\t\t\t\t\t\t\t\t\t<\/div>\n\t\t\t\n\t\t\t<div class=\"food-menu-content\">\n\t\t\t\t\n\t\t\t\t<div class=\"food-menu-content-top-holder\">\n\t\t\t\t\t<div class=\"food-menu-content-title-holder\">\n\t\t\t\t\t\t<h3 class=\"food-menu-title\">\n\t\t\t\t\t\t\t\t\t\t\t\t\t\tArepitas with pork ribs\t\t\t\t\t\t\t\t\t\t\t\t\t<\/h3>\n\t\t\t\t\t<\/div>\n\t\t\t\t\t\n\t\t\t\t\t<div class=\"food-menu-content-title-line\"><\/div>\n\t\t\t\t\t\n\t\t\t\t\t\t\t\t\t\t<div class=\"food-menu-content-price-holder\">\n\t\t\t\t\t\t<span class=\"food-menu-content-price-normal\">\n\t\t\t\t\t\t\t$19.000\t\t\t\t\t\t<\/span>\n\t\t\t\t\t<\/div>\n\t\t\t\t\t\t\t\t\t<\/div>\n\t\t\t\t\n\t\t\t\t<div class=\"food-menu-desc\">Typical arepa filled with Dutch cheese, topped with smoked pork rib, smoke emulsion and cured egg yolk flakes.<\/div>\n\t\t\t\t\n\t\t\t\t<h5 class=\"menu_post size\"><span class=\"menu_title size\">Und. Adic.<\/span><span class=\"menu_price size\">$11.000<\/span>\t\t\t<\/div>\n\t\t<\/div>\n\t\t<div class=\"food-menu-grid-wrapper food-tooltip food-menu-8\" >\n\t\t\t\n\t\t\t\t\t\t\n\t\t\t\t\t\t\n\t\t\t\t\t\t\t<div class=\"food-menu-img\">\n\t\t\t\t\t\t\t\t\t\t\t<img decoding=\"async\" src=\"https:\/\/abarco.com.co\/wp-content\/uploads\/2026\/01\/Mesa-de-trabajo-1-150x150.jpg\" alt=\"\" \/>\n\t\t\t\t\t\t\t\t\t<\/div>\n\t\t\t\n\t\t\t<div class=\"food-menu-content\">\n\t\t\t\t\n\t\t\t\t<div class=\"food-menu-content-top-holder\">\n\t\t\t\t\t<div class=\"food-menu-content-title-holder\">\n\t\t\t\t\t\t<h3 class=\"food-menu-title\">\n\t\t\t\t\t\t\t\t\t\t\t\t\t\tVegetable Toast with Pistachio\t\t\t\t\t\t\t\t\t\t\t\t\t<\/h3>\n\t\t\t\t\t<\/div>\n\t\t\t\t\t\n\t\t\t\t\t<div class=\"food-menu-content-title-line\"><\/div>\n\t\t\t\t\t\n\t\t\t\t\t\t\t\t\t\t<div class=\"food-menu-content-price-holder\">\n\t\t\t\t\t\t<span class=\"food-menu-content-price-normal\">\n\t\t\t\t\t\t\t$18.000\t\t\t\t\t\t<\/span>\n\t\t\t\t\t<\/div>\n\t\t\t\t\t\t\t\t\t<\/div>\n\t\t\t\t\n\t\t\t\t<div class=\"food-menu-desc\">House focaccia with feta cheese dip, wine-glazed pears and caramelized pistachios.<\/div>\n\t\t\t\t\n\t\t\t\t<h5 class=\"menu_post size\"><span class=\"menu_title size\">Und. Adic.<\/span><span class=\"menu_price size\">$10.000<\/span>\t\t\t<\/div>\n\t\t<\/div>\n\t\t<div class=\"food-menu-grid-wrapper food-tooltip food-menu-9\" >\n\t\t\t\n\t\t\t\t\t\t\n\t\t\t\t\t\t\n\t\t\t\t\t\t\t<div class=\"food-menu-img\">\n\t\t\t\t\t\t\t\t\t\t\t<img decoding=\"async\" src=\"https:\/\/abarco.com.co\/wp-content\/uploads\/2026\/01\/Mesa-de-trabajo-1-150x150.jpg\" alt=\"\" \/>\n\t\t\t\t\t\t\t\t\t<\/div>\n\t\t\t\n\t\t\t<div class=\"food-menu-content\">\n\t\t\t\t\n\t\t\t\t<div class=\"food-menu-content-top-holder\">\n\t\t\t\t\t<div class=\"food-menu-content-title-holder\">\n\t\t\t\t\t\t<h3 class=\"food-menu-title\">\n\t\t\t\t\t\t\t\t\t\t\t\t\t\tMixed Olives\t\t\t\t\t\t\t\t\t\t\t\t\t<\/h3>\n\t\t\t\t\t<\/div>\n\t\t\t\t\t\n\t\t\t\t\t<div class=\"food-menu-content-title-line\"><\/div>\n\t\t\t\t\t\n\t\t\t\t\t\t\t\t\t\t<div class=\"food-menu-content-price-holder\">\n\t\t\t\t\t\t<span class=\"food-menu-content-price-normal\">\n\t\t\t\t\t\t\t$14.000\t\t\t\t\t\t<\/span>\n\t\t\t\t\t<\/div>\n\t\t\t\t\t\t\t\t\t<\/div>\n\t\t\t\t\n\t\t\t\t<div class=\"food-menu-desc\">Olives marinated in olive oil, feta cheese and grape tomatoes with fresh basil.<\/div>\n\t\t\t\t\n\t\t\t\t\t\t\t<\/div>\n\t\t<\/div>\n\t\t<div class=\"food-menu-grid-wrapper food-tooltip food-menu-10\" >\n\t\t\t\n\t\t\t\t\t\t\n\t\t\t\t\t\t\n\t\t\t\t\t\t\t<div class=\"food-menu-img\">\n\t\t\t\t\t\t\t\t\t\t\t<img decoding=\"async\" src=\"https:\/\/abarco.com.co\/wp-content\/uploads\/2026\/01\/Mesa-de-trabajo-1-150x150.jpg\" alt=\"\" \/>\n\t\t\t\t\t\t\t\t\t<\/div>\n\t\t\t\n\t\t\t<div class=\"food-menu-content\">\n\t\t\t\t\n\t\t\t\t<div class=\"food-menu-content-top-holder\">\n\t\t\t\t\t<div class=\"food-menu-content-title-holder\">\n\t\t\t\t\t\t<h3 class=\"food-menu-title\">\n\t\t\t\t\t\t\t\t\t\t\t\t\t\tMini Alb\u00f3ndigas de Res en Salsa Cazadora\t\t\t\t\t\t\t\t\t\t\t\t\t<\/h3>\n\t\t\t\t\t<\/div>\n\t\t\t\t\t\n\t\t\t\t\t<div class=\"food-menu-content-title-line\"><\/div>\n\t\t\t\t\t\n\t\t\t\t\t\t\t\t\t\t<div class=\"food-menu-content-price-holder\">\n\t\t\t\t\t\t<span class=\"food-menu-content-price-normal\">\n\t\t\t\t\t\t\t$24.000\t\t\t\t\t\t<\/span>\n\t\t\t\t\t<\/div>\n\t\t\t\t\t\t\t\t\t<\/div>\n\t\t\t\t\n\t\t\t\t<div class=\"food-menu-desc\">Homemade meatballs in a hunter's sauce of organic tomatoes, roasted peppers and red wine.<\/div>\n\t\t\t\t\n\t\t\t\t\t\t\t<\/div>\n\t\t<\/div>\n\t\t<div class=\"food-menu-grid-wrapper food-tooltip food-menu-11\" >\n\t\t\t\n\t\t\t\t\t\t\n\t\t\t\t\t\t\n\t\t\t\t\t\t\t<div class=\"food-menu-img\">\n\t\t\t\t\t\t\t\t\t\t\t<img decoding=\"async\" src=\"https:\/\/abarco.com.co\/wp-content\/uploads\/2026\/01\/Mesa-de-trabajo-1-150x150.jpg\" alt=\"\" \/>\n\t\t\t\t\t\t\t\t\t<\/div>\n\t\t\t\n\t\t\t<div class=\"food-menu-content\">\n\t\t\t\t\n\t\t\t\t<div class=\"food-menu-content-top-holder\">\n\t\t\t\t\t<div class=\"food-menu-content-title-holder\">\n\t\t\t\t\t\t<h3 class=\"food-menu-title\">\n\t\t\t\t\t\t\t\t\t\t\t\t\t\tMini Charcuterie Board\t\t\t\t\t\t\t\t\t\t\t\t\t<\/h3>\n\t\t\t\t\t<\/div>\n\t\t\t\t\t\n\t\t\t\t\t<div class=\"food-menu-content-title-line\"><\/div>\n\t\t\t\t\t\n\t\t\t\t\t\t\t\t\t\t<div class=\"food-menu-content-price-holder\">\n\t\t\t\t\t\t<span class=\"food-menu-content-price-normal\">\n\t\t\t\t\t\t\t$33.000\t\t\t\t\t\t<\/span>\n\t\t\t\t\t<\/div>\n\t\t\t\t\t\t\t\t\t<\/div>\n\t\t\t\t\n\t\t\t\t<div class=\"food-menu-desc\">Selection of cheeses and artisanal charcuterie with nuts, olives and extra virgin olive oil.<\/div>\n\t\t\t\t\n\t\t\t\t\t\t\t<\/div>\n\t\t<\/div>\n<\/div>\n<\/div>\t\t\t\t<\/div>\n\t\t\t\t<\/div>\n\t\t\t\t<div class=\"elementor-element elementor-element-e843e53 elementor-widget elementor-widget-spacer\" data-id=\"e843e53\" data-element_type=\"widget\" data-e-type=\"widget\" data-settings=\"{&quot;grandrestaurant_ext_link_reservation&quot;:&quot;false&quot;,&quot;grandrestaurant_ext_link_sidemenu&quot;:&quot;false&quot;,&quot;grandrestaurant_ext_link_fullmenu&quot;:&quot;false&quot;,&quot;grandrestaurant_ext_link_closed_fullmenu&quot;:&quot;false&quot;,&quot;grandrestaurant_ext_is_scrollme&quot;:&quot;false&quot;,&quot;grandrestaurant_ext_is_smoove&quot;:&quot;false&quot;,&quot;grandrestaurant_ext_is_parallax_mouse&quot;:&quot;false&quot;,&quot;grandrestaurant_ext_is_infinite&quot;:&quot;false&quot;,&quot;grandrestaurant_ext_is_fadeout_animation&quot;:&quot;false&quot;,&quot;grandrestaurant_ext_mobile_static&quot;:&quot;false&quot;}\" data-widget_type=\"spacer.default\">\n\t\t\t\t\t\t\t<div class=\"elementor-spacer\">\n\t\t\t<div class=\"elementor-spacer-inner\"><\/div>\n\t\t<\/div>\n\t\t\t\t\t\t<\/div>\n\t\t\t\t<div class=\"elementor-element elementor-element-6a77d4a elementor-widget elementor-widget-heading\" data-id=\"6a77d4a\" data-element_type=\"widget\" data-e-type=\"widget\" data-settings=\"{&quot;grandrestaurant_ext_link_reservation&quot;:&quot;false&quot;,&quot;grandrestaurant_ext_link_sidemenu&quot;:&quot;false&quot;,&quot;grandrestaurant_ext_link_fullmenu&quot;:&quot;false&quot;,&quot;grandrestaurant_ext_link_closed_fullmenu&quot;:&quot;false&quot;,&quot;grandrestaurant_ext_is_scrollme&quot;:&quot;false&quot;,&quot;grandrestaurant_ext_is_smoove&quot;:&quot;false&quot;,&quot;grandrestaurant_ext_is_parallax_mouse&quot;:&quot;false&quot;,&quot;grandrestaurant_ext_is_infinite&quot;:&quot;false&quot;,&quot;grandrestaurant_ext_is_fadeout_animation&quot;:&quot;false&quot;,&quot;grandrestaurant_ext_mobile_static&quot;:&quot;false&quot;}\" data-widget_type=\"heading.default\">\n\t\t\t\t\t<p class=\"elementor-heading-title elementor-size-default\">All our prices are in Colombian Pesos (COP). Prices include consumption tax. A 10% gratuity is suggested.<\/p>\t\t\t\t<\/div>\n\t\t\t\t<\/div>\n\t\t\t\t<\/div>\n\t\t\t\t<\/div>\n\t\t<div class=\"elementor-element elementor-element-f5ee3a1 e-con-full elementor-hidden-tablet elementor-hidden-mobile e-flex e-con e-child\" data-id=\"f5ee3a1\" data-element_type=\"container\" data-e-type=\"container\" data-settings=\"{&quot;background_background&quot;:&quot;classic&quot;,&quot;grandrestaurant_ext_is_background_parallax&quot;:&quot;false&quot;,&quot;grandrestaurant_ext_is_background_backdrop&quot;:&quot;false&quot;,&quot;grandrestaurant_ext_is_background_on_scroll&quot;:&quot;false&quot;,&quot;grandrestaurant_ext_link_reservation&quot;:&quot;false&quot;,&quot;grandrestaurant_ext_link_sidemenu&quot;:&quot;false&quot;,&quot;grandrestaurant_ext_link_fullmenu&quot;:&quot;false&quot;,&quot;grandrestaurant_ext_link_closed_fullmenu&quot;:&quot;false&quot;,&quot;grandrestaurant_ext_is_scrollme&quot;:&quot;false&quot;,&quot;grandrestaurant_ext_is_smoove&quot;:&quot;false&quot;,&quot;grandrestaurant_ext_is_parallax_mouse&quot;:&quot;false&quot;,&quot;grandrestaurant_ext_is_infinite&quot;:&quot;false&quot;,&quot;grandrestaurant_ext_is_fadeout_animation&quot;:&quot;false&quot;,&quot;grandrestaurant_ext_mobile_static&quot;:&quot;false&quot;}\">\n\t\t\t\t<\/div>\n\t\t\t\t<\/div>\n\t\t\t\t<\/div>","protected":false},"excerpt":{"rendered":"<p>MEN\u00da Bizcocho de Ch\u00f3colo y Pollo Encocado $18.000 Bizcocho de ma\u00edz tierno con queso azul y campesino, acompa\u00f1ado de pernil de pollo en encocado de coco. Galleta de Mantequilla y Pistachos $10.000 Cl\u00e1sica galleta de mantequilla con pistachos tostados y [&hellip;]<\/p>","protected":false},"author":1,"featured_media":0,"parent":102,"menu_order":0,"comment_status":"closed","ping_status":"closed","template":"elementor_header_footer","meta":{"footnotes":""},"class_list":["post-511","page","type-page","status-publish","hentry"],"_links":{"self":[{"href":"https:\/\/abarco.com.co\/en\/wp-json\/wp\/v2\/pages\/511","targetHints":{"allow":["GET"]}}],"collection":[{"href":"https:\/\/abarco.com.co\/en\/wp-json\/wp\/v2\/pages"}],"about":[{"href":"https:\/\/abarco.com.co\/en\/wp-json\/wp\/v2\/types\/page"}],"author":[{"embeddable":true,"href":"https:\/\/abarco.com.co\/en\/wp-json\/wp\/v2\/users\/1"}],"replies":[{"embeddable":true,"href":"https:\/\/abarco.com.co\/en\/wp-json\/wp\/v2\/comments?post=511"}],"version-history":[{"count":19,"href":"https:\/\/abarco.com.co\/en\/wp-json\/wp\/v2\/pages\/511\/revisions"}],"predecessor-version":[{"id":793,"href":"https:\/\/abarco.com.co\/en\/wp-json\/wp\/v2\/pages\/511\/revisions\/793"}],"up":[{"embeddable":true,"href":"https:\/\/abarco.com.co\/en\/wp-json\/wp\/v2\/pages\/102"}],"wp:attachment":[{"href":"https:\/\/abarco.com.co\/en\/wp-json\/wp\/v2\/media?parent=511"}],"curies":[{"name":"wp","href":"https:\/\/api.w.org\/{rel}","templated":true}]}}